{"id":1569,"date":"2024-04-10T17:10:59","date_gmt":"2024-04-10T21:10:59","guid":{"rendered":"https:\/\/cloutier.ca\/about-us\/"},"modified":"2024-06-12T19:25:55","modified_gmt":"2024-06-12T19:25:55","slug":"about-us","status":"publish","type":"page","link":"https:\/\/cloutier.ca\/en\/about-us\/","title":{"rendered":"About us"},"content":{"rendered":"\t\t<div data-elementor-type=\"wp-page\" data-elementor-id=\"1569\" class=\"elementor elementor-1569 elementor-122\" data-elementor-post-type=\"page\">\n\t\t\t\t\t\t<section class=\"elementor-section elementor-top-section elementor-element elementor-element-402d760e elementor-section-full_width elementor-section-height-default elementor-section-height-default elementor-invisible\" data-id=\"402d760e\" data-element_type=\"section\" data-settings=\"{&quot;background_background&quot;:&quot;classic&quot;,&quot;animation&quot;:&quot;fadeIn&quot;}\">\n\t\t\t\t\t\t\t<div class=\"elementor-background-overlay\"><\/div>\n\t\t\t\t\t\t\t<div class=\"elementor-container elementor-column-gap-default\">\n\t\t\t\t\t<div class=\"elementor-column elementor-col-100 elementor-top-column elementor-element elementor-element-62871c83\" data-id=\"62871c83\" data-element_type=\"column\">\n\t\t\t<div class=\"elementor-widget-wrap\">\n\t\t\t\t\t\t\t<\/div>\n\t\t<\/div>\n\t\t\t\t\t<\/div>\n\t\t<\/section>\n\t\t\t\t<section class=\"elementor-section elementor-top-section elementor-element elementor-element-1a0692ed elementor-reverse-mobile elementor-section-boxed elementor-section-height-default elementor-section-height-default\" data-id=\"1a0692ed\" data-element_type=\"section\">\n\t\t\t\t\t\t<div class=\"elementor-container elementor-column-gap-default\">\n\t\t\t\t\t<div class=\"elementor-column elementor-col-50 elementor-top-column elementor-element elementor-element-313bc051\" data-id=\"313bc051\" data-element_type=\"column\">\n\t\t\t<div class=\"elementor-widget-wrap elementor-element-populated\">\n\t\t\t\t\t\t<div class=\"elementor-element elementor-element-568ea25 elementor-widget__width-auto elementor-widget-mobile__width-inherit de_scroll_animation_no elementor-invisible elementor-widget elementor-widget-heading\" data-id=\"568ea25\" data-element_type=\"widget\" data-settings=\"{&quot;_animation&quot;:&quot;fadeInLeft&quot;}\" data-widget_type=\"heading.default\">\n\t\t\t\t<div class=\"elementor-widget-container\">\n\t\t\t\t\t<h6 class=\"elementor-heading-title elementor-size-default\">The Company<\/h6>\t\t\t\t<\/div>\n\t\t\t\t<\/div>\n\t\t\t\t<div class=\"elementor-element elementor-element-2ff66c0f de_scroll_animation_no elementor-invisible elementor-widget elementor-widget-heading\" data-id=\"2ff66c0f\" data-element_type=\"widget\" data-settings=\"{&quot;_animation&quot;:&quot;fadeInLeft&quot;}\" data-widget_type=\"heading.default\">\n\t\t\t\t<div class=\"elementor-widget-container\">\n\t\t\t\t\t<h2 class=\"elementor-heading-title elementor-size-default\">Continuity in Excellence<\/h2>\t\t\t\t<\/div>\n\t\t\t\t<\/div>\n\t\t\t\t<div class=\"elementor-element elementor-element-4e1311c5 de_scroll_animation_no elementor-invisible elementor-widget elementor-widget-text-editor\" data-id=\"4e1311c5\" data-element_type=\"widget\" data-settings=\"{&quot;_animation&quot;:&quot;fadeInUp&quot;}\" data-widget_type=\"text-editor.default\">\n\t\t\t\t<div class=\"elementor-widget-container\">\n\t\t\t\t\t\t\t\t\t<p>It was in 1978 that Mr. Albert Cloutier, with his expertise in the field of gloves, founded the company. Very quickly his three sons joined him in the company which will then develop and quickly become a recognized company, reaching beyond borders With the takeover of Entreprises Albert Cloutier Lt\u00e9e in 2023, the two new owners F\u00e9licit\u00e9 Donyo and Agathe Julien Delauni\u00e8re are the new generation of this family business, giving it a new vision while allowing the mission to continue. For more than 40 years, Les Entreprises Albert Cloutier Lt\u00e9e has built a reputation for manufacturing work gloves and protective gloves that meet the highest requirements of institutions such as the army and police services in Canada and the UNITED STATES.<\/p>\n<p>Over the years, the company has developed ways to provide its customers with reliable products at a high quality level that meets or exceeds their requirements by having consistent and effective controls.<\/p>\n\t\t\t\t\t\t\t\t<\/div>\n\t\t\t\t<\/div>\n\t\t\t\t\t<\/div>\n\t\t<\/div>\n\t\t\t\t<div class=\"elementor-column elementor-col-50 elementor-top-column elementor-element elementor-element-445c81c4\" data-id=\"445c81c4\" data-element_type=\"column\">\n\t\t\t<div class=\"elementor-widget-wrap elementor-element-populated\">\n\t\t\t\t\t\t<div class=\"elementor-element elementor-element-39ebc3e3 de_scroll_animation_no elementor-invisible elementor-widget elementor-widget-image\" data-id=\"39ebc3e3\" data-element_type=\"widget\" data-settings=\"{&quot;_animation&quot;:&quot;fadeInUp&quot;}\" data-widget_type=\"image.default\">\n\t\t\t\t<div class=\"elementor-widget-container\">\n\t\t\t\t\t\t\t\t\t\t\t\t\t\t\t<img fetchpriority=\"high\" decoding=\"async\" width=\"1365\" height=\"2060\" src=\"https:\/\/cloutier.ca\/wp-content\/uploads\/2024\/04\/catalogue-expended.jpg\" class=\"attachment-full size-full wp-image-1034\" alt=\"\" srcset=\"https:\/\/cloutier.ca\/wp-content\/uploads\/2024\/04\/catalogue-expended.jpg 1365w, https:\/\/cloutier.ca\/wp-content\/uploads\/2024\/04\/catalogue-expended-199x300.jpg 199w, https:\/\/cloutier.ca\/wp-content\/uploads\/2024\/04\/catalogue-expended-679x1024.jpg 679w, https:\/\/cloutier.ca\/wp-content\/uploads\/2024\/04\/catalogue-expended-768x1159.jpg 768w, https:\/\/cloutier.ca\/wp-content\/uploads\/2024\/04\/catalogue-expended-1018x1536.jpg 1018w, https:\/\/cloutier.ca\/wp-content\/uploads\/2024\/04\/catalogue-expended-1357x2048.jpg 1357w\" sizes=\"(max-width: 1365px) 100vw, 1365px\" \/>\t\t\t\t\t\t\t\t\t\t\t\t\t\t\t<\/div>\n\t\t\t\t<\/div>\n\t\t\t\t<div class=\"elementor-element elementor-element-4da95a48 elementor-widget__width-initial elementor-absolute de_scroll_animation_no elementor-invisible elementor-widget elementor-widget-counter\" data-id=\"4da95a48\" data-element_type=\"widget\" data-settings=\"{&quot;_animation&quot;:&quot;fadeInUp&quot;,&quot;_position&quot;:&quot;absolute&quot;}\" data-widget_type=\"counter.default\">\n\t\t\t\t<div class=\"elementor-widget-container\">\n\t\t\t\t\t\t\t<div class=\"elementor-counter\">\n\t\t\t<div class=\"elementor-counter-title\">Since<\/div>\t\t\t<div class=\"elementor-counter-number-wrapper\">\n\t\t\t\t<span class=\"elementor-counter-number-prefix\"><\/span>\n\t\t\t\t<span class=\"elementor-counter-number\" data-duration=\"2000\" data-to-value=\"1978\" data-from-value=\"0\">0<\/span>\n\t\t\t\t<span class=\"elementor-counter-number-suffix\"><\/span>\n\t\t\t<\/div>\n\t\t<\/div>\n\t\t\t\t\t\t<\/div>\n\t\t\t\t<\/div>\n\t\t\t\t\t<\/div>\n\t\t<\/div>\n\t\t\t\t\t<\/div>\n\t\t<\/section>\n\t\t\t\t<section class=\"elementor-section elementor-top-section elementor-element elementor-element-6abf67c3 elementor-section-boxed elementor-section-height-default elementor-section-height-default\" data-id=\"6abf67c3\" data-element_type=\"section\" data-settings=\"{&quot;background_background&quot;:&quot;classic&quot;}\">\n\t\t\t\t\t\t\t<div class=\"elementor-background-overlay\"><\/div>\n\t\t\t\t\t\t\t<div class=\"elementor-container elementor-column-gap-default\">\n\t\t\t\t\t<div class=\"elementor-column elementor-col-100 elementor-top-column elementor-element elementor-element-0f0bd94\" data-id=\"0f0bd94\" data-element_type=\"column\">\n\t\t\t<div class=\"elementor-widget-wrap elementor-element-populated\">\n\t\t\t\t\t\t<div class=\"elementor-element elementor-element-0bbb79e de_scroll_animation_no elementor-invisible elementor-widget elementor-widget-heading\" data-id=\"0bbb79e\" data-element_type=\"widget\" data-settings=\"{&quot;_animation&quot;:&quot;fadeInLeft&quot;}\" data-widget_type=\"heading.default\">\n\t\t\t\t<div class=\"elementor-widget-container\">\n\t\t\t\t\t<h2 class=\"elementor-heading-title elementor-size-default\">Quality Policy<\/h2>\t\t\t\t<\/div>\n\t\t\t\t<\/div>\n\t\t\t\t<div class=\"elementor-element elementor-element-a75cb94 de_scroll_animation_no elementor-invisible elementor-widget elementor-widget-text-editor\" data-id=\"a75cb94\" data-element_type=\"widget\" data-settings=\"{&quot;_animation&quot;:&quot;fadeInRight&quot;}\" data-widget_type=\"text-editor.default\">\n\t\t\t\t<div class=\"elementor-widget-container\">\n\t\t\t\t\t\t\t\t\t<p>Les Entreprises Albert Cloutier Lt\u00e9e is committed to satisfying its customers both in the quality of its products and in meeting deadlines.<\/p>\n<p>With this in mind, we have developed work methods that lead us to pay close attention to each stage of the work process, relying on the constant cooperation of each of our employees.<\/p>\n<p>Additionally, we are committed to continuously improving the efficiency of our quality system.<\/p>\n\t\t\t\t\t\t\t\t<\/div>\n\t\t\t\t<\/div>\n\t\t\t\t\t<\/div>\n\t\t<\/div>\n\t\t\t\t\t<\/div>\n\t\t<\/section>\n\t\t\t\t<section class=\"elementor-section elementor-top-section elementor-element elementor-element-6eefb829 elementor-reverse-mobile elementor-section-boxed elementor-section-height-default elementor-section-height-default\" data-id=\"6eefb829\" data-element_type=\"section\">\n\t\t\t\t\t\t<div class=\"elementor-container elementor-column-gap-default\">\n\t\t\t\t\t<div class=\"elementor-column elementor-col-50 elementor-top-column elementor-element elementor-element-50a35ffb\" data-id=\"50a35ffb\" data-element_type=\"column\">\n\t\t\t<div class=\"elementor-widget-wrap elementor-element-populated\">\n\t\t\t\t\t\t<div class=\"elementor-element elementor-element-3f50d7d7 elementor-widget__width-auto elementor-widget-mobile__width-inherit de_scroll_animation_no elementor-invisible elementor-widget elementor-widget-heading\" data-id=\"3f50d7d7\" data-element_type=\"widget\" data-settings=\"{&quot;_animation&quot;:&quot;fadeInLeft&quot;}\" data-widget_type=\"heading.default\">\n\t\t\t\t<div class=\"elementor-widget-container\">\n\t\t\t\t\t<h6 class=\"elementor-heading-title elementor-size-default\">Mission<\/h6>\t\t\t\t<\/div>\n\t\t\t\t<\/div>\n\t\t\t\t<div class=\"elementor-element elementor-element-62f4287f de_scroll_animation_no elementor-invisible elementor-widget elementor-widget-heading\" data-id=\"62f4287f\" data-element_type=\"widget\" data-settings=\"{&quot;_animation&quot;:&quot;fadeInLeft&quot;}\" data-widget_type=\"heading.default\">\n\t\t\t\t<div class=\"elementor-widget-container\">\n\t\t\t\t\t<h2 class=\"elementor-heading-title elementor-size-default\">Our commitment<\/h2>\t\t\t\t<\/div>\n\t\t\t\t<\/div>\n\t\t\t\t<div class=\"elementor-element elementor-element-489aa37e elementor-widget__width-initial elementor-hidden-mobile de_scroll_animation_no elementor-invisible elementor-widget elementor-widget-heading\" data-id=\"489aa37e\" data-element_type=\"widget\" data-settings=\"{&quot;_animation&quot;:&quot;fadeInUp&quot;}\" data-widget_type=\"heading.default\">\n\t\t\t\t<div class=\"elementor-widget-container\">\n\t\t\t\t\t<h4 class=\"elementor-heading-title elementor-size-default\">1.<\/h4>\t\t\t\t<\/div>\n\t\t\t\t<\/div>\n\t\t\t\t<div class=\"elementor-element elementor-element-684e3338 elementor-widget__width-initial elementor-vertical-align-bottom elementor-vertical-align-top de_scroll_animation_no elementor-invisible elementor-widget elementor-widget-image-box\" data-id=\"684e3338\" data-element_type=\"widget\" data-settings=\"{&quot;_animation&quot;:&quot;fadeInUp&quot;}\" data-widget_type=\"image-box.default\">\n\t\t\t\t<div class=\"elementor-widget-container\">\n\t\t\t\t\t<div class=\"elementor-image-box-wrapper\"><div class=\"elementor-image-box-content\"><h4 class=\"elementor-image-box-title\">Exceptional quality<\/h4><p class=\"elementor-image-box-description\">We are committed to maintaining exceptional quality standards at every stage of our manufacturing process. Our goal is to provide work and protective gloves that exceed our customers' expectations in terms of durability, comfort, and performance.<\/p><\/div><\/div>\t\t\t\t<\/div>\n\t\t\t\t<\/div>\n\t\t\t\t<div class=\"elementor-element elementor-element-32e17f0e elementor-widget__width-initial elementor-hidden-mobile de_scroll_animation_no elementor-invisible elementor-widget elementor-widget-heading\" data-id=\"32e17f0e\" data-element_type=\"widget\" data-settings=\"{&quot;_animation&quot;:&quot;fadeInUp&quot;}\" data-widget_type=\"heading.default\">\n\t\t\t\t<div class=\"elementor-widget-container\">\n\t\t\t\t\t<h4 class=\"elementor-heading-title elementor-size-default\">2.<\/h4>\t\t\t\t<\/div>\n\t\t\t\t<\/div>\n\t\t\t\t<div class=\"elementor-element elementor-element-12693704 elementor-widget__width-initial elementor-vertical-align-top de_scroll_animation_no elementor-invisible elementor-widget elementor-widget-image-box\" data-id=\"12693704\" data-element_type=\"widget\" data-settings=\"{&quot;_animation&quot;:&quot;fadeInUp&quot;}\" data-widget_type=\"image-box.default\">\n\t\t\t\t<div class=\"elementor-widget-container\">\n\t\t\t\t\t<div class=\"elementor-image-box-wrapper\"><div class=\"elementor-image-box-content\"><h4 class=\"elementor-image-box-title\">Continuous innovation<\/h4><p class=\"elementor-image-box-description\">We invest in research and development to constantly improve our products and processes. Our commitment to innovation allows us to offer cutting-edge solutions that meet the evolving needs of our customers and anticipate market trends.<\/p><\/div><\/div>\t\t\t\t<\/div>\n\t\t\t\t<\/div>\n\t\t\t\t<div class=\"elementor-element elementor-element-1fa73bc2 elementor-widget__width-initial elementor-hidden-mobile de_scroll_animation_no elementor-invisible elementor-widget elementor-widget-heading\" data-id=\"1fa73bc2\" data-element_type=\"widget\" data-settings=\"{&quot;_animation&quot;:&quot;fadeInUp&quot;}\" data-widget_type=\"heading.default\">\n\t\t\t\t<div class=\"elementor-widget-container\">\n\t\t\t\t\t<h4 class=\"elementor-heading-title elementor-size-default\">3.<\/h4>\t\t\t\t<\/div>\n\t\t\t\t<\/div>\n\t\t\t\t<div class=\"elementor-element elementor-element-f5aff50 elementor-widget__width-initial elementor-vertical-align-top de_scroll_animation_no elementor-invisible elementor-widget elementor-widget-image-box\" data-id=\"f5aff50\" data-element_type=\"widget\" data-settings=\"{&quot;_animation&quot;:&quot;fadeInUp&quot;}\" data-widget_type=\"image-box.default\">\n\t\t\t\t<div class=\"elementor-widget-container\">\n\t\t\t\t\t<div class=\"elementor-image-box-wrapper\"><div class=\"elementor-image-box-content\"><h4 class=\"elementor-image-box-title\">Social Responsibility<\/h4><p class=\"elementor-image-box-description\">We are committed to social and environmental responsibility. We adopt sustainable practices in all aspects of our business and support local initiatives that have a positive impact on our communities.<\/p><\/div><\/div>\t\t\t\t<\/div>\n\t\t\t\t<\/div>\n\t\t\t\t\t<\/div>\n\t\t<\/div>\n\t\t\t\t<div class=\"elementor-column elementor-col-50 elementor-top-column elementor-element elementor-element-3545d5b6\" data-id=\"3545d5b6\" data-element_type=\"column\">\n\t\t\t<div class=\"elementor-widget-wrap elementor-element-populated\">\n\t\t\t\t\t\t<div class=\"elementor-element elementor-element-26f4035a de_scroll_animation_no elementor-invisible elementor-widget elementor-widget-image\" data-id=\"26f4035a\" data-element_type=\"widget\" data-settings=\"{&quot;_animation&quot;:&quot;fadeInUp&quot;}\" data-widget_type=\"image.default\">\n\t\t\t\t<div class=\"elementor-widget-container\">\n\t\t\t\t\t\t\t\t\t\t\t\t\t\t\t<img decoding=\"async\" width=\"1300\" height=\"2048\" src=\"https:\/\/cloutier.ca\/wp-content\/uploads\/2024\/04\/couturiere-1.jpg\" class=\"attachment-full size-full wp-image-460\" alt=\"\" srcset=\"https:\/\/cloutier.ca\/wp-content\/uploads\/2024\/04\/couturiere-1.jpg 1300w, https:\/\/cloutier.ca\/wp-content\/uploads\/2024\/04\/couturiere-1-190x300.jpg 190w, https:\/\/cloutier.ca\/wp-content\/uploads\/2024\/04\/couturiere-1-650x1024.jpg 650w, https:\/\/cloutier.ca\/wp-content\/uploads\/2024\/04\/couturiere-1-768x1210.jpg 768w, https:\/\/cloutier.ca\/wp-content\/uploads\/2024\/04\/couturiere-1-975x1536.jpg 975w\" sizes=\"(max-width: 1300px) 100vw, 1300px\" \/>\t\t\t\t\t\t\t\t\t\t\t\t\t\t\t<\/div>\n\t\t\t\t<\/div>\n\t\t\t\t\t<\/div>\n\t\t<\/div>\n\t\t\t\t\t<\/div>\n\t\t<\/section>\n\t\t\t\t<section class=\"elementor-section elementor-top-section elementor-element elementor-element-1194c98 elementor-reverse-mobile elementor-section-boxed elementor-section-height-default elementor-section-height-default elementor-invisible\" data-id=\"1194c98\" data-element_type=\"section\" data-settings=\"{&quot;background_background&quot;:&quot;classic&quot;,&quot;animation&quot;:&quot;fadeIn&quot;}\">\n\t\t\t\t\t\t\t<div class=\"elementor-background-overlay\"><\/div>\n\t\t\t\t\t\t\t<div class=\"elementor-container elementor-column-gap-default\">\n\t\t\t\t\t<div class=\"elementor-column elementor-col-100 elementor-top-column elementor-element elementor-element-8ec8c03\" data-id=\"8ec8c03\" data-element_type=\"column\">\n\t\t\t<div class=\"elementor-widget-wrap elementor-element-populated\">\n\t\t\t\t\t\t<div class=\"elementor-element elementor-element-cc87c6a elementor-widget-tablet__width-inherit de_scroll_animation_no elementor-invisible elementor-widget elementor-widget-heading\" data-id=\"cc87c6a\" data-element_type=\"widget\" data-settings=\"{&quot;_animation&quot;:&quot;fadeInUp&quot;}\" data-widget_type=\"heading.default\">\n\t\t\t\t<div class=\"elementor-widget-container\">\n\t\t\t\t\t<h1 class=\"elementor-heading-title elementor-size-default\">Join us! Check the job offers here.<\/h1>\t\t\t\t<\/div>\n\t\t\t\t<\/div>\n\t\t\t\t<div class=\"elementor-element elementor-element-5054442 elementor-widget-mobile__width-inherit de_scroll_animation_no elementor-invisible elementor-widget elementor-widget-button\" data-id=\"5054442\" data-element_type=\"widget\" data-settings=\"{&quot;_animation&quot;:&quot;fadeInUp&quot;}\" data-widget_type=\"button.default\">\n\t\t\t\t<div class=\"elementor-widget-container\">\n\t\t\t\t\t\t\t\t\t<div class=\"elementor-button-wrapper\">\n\t\t\t\t\t<a class=\"elementor-button elementor-button-link elementor-size-sm\" href=\"https:\/\/cloutier.ca\/en\/jobs\/\">\n\t\t\t\t\t\t<span class=\"elementor-button-content-wrapper\">\n\t\t\t\t\t\t<span class=\"elementor-button-icon\">\n\t\t\t\t<i aria-hidden=\"true\" class=\"icon icon-right-arrow\"><\/i>\t\t\t<\/span>\n\t\t\t\t\t\t\t\t\t<span class=\"elementor-button-text\">See available positions<\/span>\n\t\t\t\t\t<\/span>\n\t\t\t\t\t<\/a>\n\t\t\t\t<\/div>\n\t\t\t\t\t\t\t\t<\/div>\n\t\t\t\t<\/div>\n\t\t\t\t\t<\/div>\n\t\t<\/div>\n\t\t\t\t\t<\/div>\n\t\t<\/section>\n\t\t\t\t<\/div>\n\t\t","protected":false},"excerpt":{"rendered":"<p>The Company Continuity in Excellence It was in 1978 that Mr. Albert Cloutier, with his expertise in the field of gloves, founded the company. Very quickly his three sons joined him in the company which will then develop and quickly become a recognized company, reaching beyond borders With the takeover of Entreprises Albert Cloutier Lt\u00e9e [&hellip;]<\/p>\n","protected":false},"author":3,"featured_media":0,"parent":0,"menu_order":0,"comment_status":"closed","ping_status":"closed","template":"elementor_header_footer","meta":{"footnotes":""},"class_list":["post-1569","page","type-page","status-publish","hentry"],"yoast_head":"<!-- This site is optimized with the Yoast SEO plugin v24.2 - https:\/\/yoast.com\/wordpress\/plugins\/seo\/ -->\n<title>About us - Les Entreprises Albert Cloutier Lt\u00e9e<\/title>\n<meta name=\"robots\" content=\"index, follow, max-snippet:-1, max-image-preview:large, max-video-preview:-1\" \/>\n<link rel=\"canonical\" href=\"https:\/\/cloutier.ca\/en\/about-us\/\" \/>\n<meta property=\"og:locale\" content=\"en_US\" \/>\n<meta property=\"og:type\" content=\"article\" \/>\n<meta property=\"og:title\" content=\"About us - Les Entreprises Albert Cloutier Lt\u00e9e\" \/>\n<meta property=\"og:description\" content=\"The Company Continuity in Excellence It was in 1978 that Mr. Albert Cloutier, with his expertise in the field of gloves, founded the company. Very quickly his three sons joined him in the company which will then develop and quickly become a recognized company, reaching beyond borders With the takeover of Entreprises Albert Cloutier Lt\u00e9e [&hellip;]\" \/>\n<meta property=\"og:url\" content=\"https:\/\/cloutier.ca\/en\/about-us\/\" \/>\n<meta property=\"og:site_name\" content=\"Les Entreprises Albert Cloutier Lt\u00e9e\" \/>\n<meta property=\"article:modified_time\" content=\"2024-06-12T19:25:55+00:00\" \/>\n<meta property=\"og:image\" content=\"https:\/\/cloutier.ca\/wp-content\/uploads\/2024\/04\/catalogue-expended.jpg\" \/>\n<meta name=\"twitter:card\" content=\"summary_large_image\" \/>\n<meta name=\"twitter:label1\" content=\"Est. reading time\" \/>\n\t<meta name=\"twitter:data1\" content=\"2 minutes\" \/>\n<script type=\"application\/ld+json\" class=\"yoast-schema-graph\">{\"@context\":\"https:\/\/schema.org\",\"@graph\":[{\"@type\":\"WebPage\",\"@id\":\"https:\/\/cloutier.ca\/en\/about-us\/\",\"url\":\"https:\/\/cloutier.ca\/en\/about-us\/\",\"name\":\"About us - Les Entreprises Albert Cloutier Lt\u00e9e\",\"isPartOf\":{\"@id\":\"https:\/\/cloutier.ca\/en\/#website\"},\"primaryImageOfPage\":{\"@id\":\"https:\/\/cloutier.ca\/en\/about-us\/#primaryimage\"},\"image\":{\"@id\":\"https:\/\/cloutier.ca\/en\/about-us\/#primaryimage\"},\"thumbnailUrl\":\"https:\/\/cloutier.ca\/wp-content\/uploads\/2024\/04\/catalogue-expended.jpg\",\"datePublished\":\"2024-04-10T21:10:59+00:00\",\"dateModified\":\"2024-06-12T19:25:55+00:00\",\"breadcrumb\":{\"@id\":\"https:\/\/cloutier.ca\/en\/about-us\/#breadcrumb\"},\"inLanguage\":\"en-US\",\"potentialAction\":[{\"@type\":\"ReadAction\",\"target\":[\"https:\/\/cloutier.ca\/en\/about-us\/\"]}]},{\"@type\":\"ImageObject\",\"inLanguage\":\"en-US\",\"@id\":\"https:\/\/cloutier.ca\/en\/about-us\/#primaryimage\",\"url\":\"https:\/\/cloutier.ca\/wp-content\/uploads\/2024\/04\/catalogue-expended.jpg\",\"contentUrl\":\"https:\/\/cloutier.ca\/wp-content\/uploads\/2024\/04\/catalogue-expended.jpg\"},{\"@type\":\"BreadcrumbList\",\"@id\":\"https:\/\/cloutier.ca\/en\/about-us\/#breadcrumb\",\"itemListElement\":[{\"@type\":\"ListItem\",\"position\":1,\"name\":\"Accueil\",\"item\":\"https:\/\/cloutier.ca\/en\/\"},{\"@type\":\"ListItem\",\"position\":2,\"name\":\"About us\"}]},{\"@type\":\"WebSite\",\"@id\":\"https:\/\/cloutier.ca\/en\/#website\",\"url\":\"https:\/\/cloutier.ca\/en\/\",\"name\":\"Les Entreprises Albert Cloutier Lt\u00e9e\",\"description\":\"\",\"potentialAction\":[{\"@type\":\"SearchAction\",\"target\":{\"@type\":\"EntryPoint\",\"urlTemplate\":\"https:\/\/cloutier.ca\/en\/?s={search_term_string}\"},\"query-input\":{\"@type\":\"PropertyValueSpecification\",\"valueRequired\":true,\"valueName\":\"search_term_string\"}}],\"inLanguage\":\"en-US\"}]}<\/script>\n<!-- \/ Yoast SEO plugin. -->","yoast_head_json":{"title":"About us - Les Entreprises Albert Cloutier Lt\u00e9e","robots":{"index":"index","follow":"follow","max-snippet":"max-snippet:-1","max-image-preview":"max-image-preview:large","max-video-preview":"max-video-preview:-1"},"canonical":"https:\/\/cloutier.ca\/en\/about-us\/","og_locale":"en_US","og_type":"article","og_title":"About us - Les Entreprises Albert Cloutier Lt\u00e9e","og_description":"The Company Continuity in Excellence It was in 1978 that Mr. Albert Cloutier, with his expertise in the field of gloves, founded the company. Very quickly his three sons joined him in the company which will then develop and quickly become a recognized company, reaching beyond borders With the takeover of Entreprises Albert Cloutier Lt\u00e9e [&hellip;]","og_url":"https:\/\/cloutier.ca\/en\/about-us\/","og_site_name":"Les Entreprises Albert Cloutier Lt\u00e9e","article_modified_time":"2024-06-12T19:25:55+00:00","og_image":[{"url":"https:\/\/cloutier.ca\/wp-content\/uploads\/2024\/04\/catalogue-expended.jpg","type":"","width":"","height":""}],"twitter_card":"summary_large_image","twitter_misc":{"Est. reading time":"2 minutes"},"schema":{"@context":"https:\/\/schema.org","@graph":[{"@type":"WebPage","@id":"https:\/\/cloutier.ca\/en\/about-us\/","url":"https:\/\/cloutier.ca\/en\/about-us\/","name":"About us - Les Entreprises Albert Cloutier Lt\u00e9e","isPartOf":{"@id":"https:\/\/cloutier.ca\/en\/#website"},"primaryImageOfPage":{"@id":"https:\/\/cloutier.ca\/en\/about-us\/#primaryimage"},"image":{"@id":"https:\/\/cloutier.ca\/en\/about-us\/#primaryimage"},"thumbnailUrl":"https:\/\/cloutier.ca\/wp-content\/uploads\/2024\/04\/catalogue-expended.jpg","datePublished":"2024-04-10T21:10:59+00:00","dateModified":"2024-06-12T19:25:55+00:00","breadcrumb":{"@id":"https:\/\/cloutier.ca\/en\/about-us\/#breadcrumb"},"inLanguage":"en-US","potentialAction":[{"@type":"ReadAction","target":["https:\/\/cloutier.ca\/en\/about-us\/"]}]},{"@type":"ImageObject","inLanguage":"en-US","@id":"https:\/\/cloutier.ca\/en\/about-us\/#primaryimage","url":"https:\/\/cloutier.ca\/wp-content\/uploads\/2024\/04\/catalogue-expended.jpg","contentUrl":"https:\/\/cloutier.ca\/wp-content\/uploads\/2024\/04\/catalogue-expended.jpg"},{"@type":"BreadcrumbList","@id":"https:\/\/cloutier.ca\/en\/about-us\/#breadcrumb","itemListElement":[{"@type":"ListItem","position":1,"name":"Accueil","item":"https:\/\/cloutier.ca\/en\/"},{"@type":"ListItem","position":2,"name":"About us"}]},{"@type":"WebSite","@id":"https:\/\/cloutier.ca\/en\/#website","url":"https:\/\/cloutier.ca\/en\/","name":"Les Entreprises Albert Cloutier Lt\u00e9e","description":"","potentialAction":[{"@type":"SearchAction","target":{"@type":"EntryPoint","urlTemplate":"https:\/\/cloutier.ca\/en\/?s={search_term_string}"},"query-input":{"@type":"PropertyValueSpecification","valueRequired":true,"valueName":"search_term_string"}}],"inLanguage":"en-US"}]}},"_links":{"self":[{"href":"https:\/\/cloutier.ca\/en\/wp-json\/wp\/v2\/pages\/1569","targetHints":{"allow":["GET"]}}],"collection":[{"href":"https:\/\/cloutier.ca\/en\/wp-json\/wp\/v2\/pages"}],"about":[{"href":"https:\/\/cloutier.ca\/en\/wp-json\/wp\/v2\/types\/page"}],"author":[{"embeddable":true,"href":"https:\/\/cloutier.ca\/en\/wp-json\/wp\/v2\/users\/3"}],"replies":[{"embeddable":true,"href":"https:\/\/cloutier.ca\/en\/wp-json\/wp\/v2\/comments?post=1569"}],"version-history":[{"count":10,"href":"https:\/\/cloutier.ca\/en\/wp-json\/wp\/v2\/pages\/1569\/revisions"}],"predecessor-version":[{"id":1830,"href":"https:\/\/cloutier.ca\/en\/wp-json\/wp\/v2\/pages\/1569\/revisions\/1830"}],"wp:attachment":[{"href":"https:\/\/cloutier.ca\/en\/wp-json\/wp\/v2\/media?parent=1569"}],"curies":[{"name":"wp","href":"https:\/\/api.w.org\/{rel}","templated":true}]}}